{"id":114,"date":"2016-10-13T10:01:14","date_gmt":"2016-10-13T08:01:14","guid":{"rendered":"http:\/\/siecom.fr\/?page_id=114"},"modified":"2017-02-02T11:20:32","modified_gmt":"2017-02-02T10:20:32","slug":"sonorisation-lyon","status":"publish","type":"page","link":"https:\/\/siecom.fr\/index.php\/sonorisation-lyon\/","title":{"rendered":"SONORISATION"},"content":{"rendered":"<img loading=\"lazy\" decoding=\"async\" class=\"alignnone size-full wp-image-205\" src=\"http:\/\/siecom.fr\/wp-content\/uploads\/2016\/10\/MARQUES-SONO-PS-1200X100-2.jpg\" alt=\"marques-sono-ps-1200x100-2\" width=\"1200\" height=\"100\" srcset=\"https:\/\/siecom.fr\/wp-content\/uploads\/2016\/10\/MARQUES-SONO-PS-1200X100-2.jpg 1200w, https:\/\/siecom.fr\/wp-content\/uploads\/2016\/10\/MARQUES-SONO-PS-1200X100-2-300x25.jpg 300w, https:\/\/siecom.fr\/wp-content\/uploads\/2016\/10\/MARQUES-SONO-PS-1200X100-2-768x64.jpg 768w, https:\/\/siecom.fr\/wp-content\/uploads\/2016\/10\/MARQUES-SONO-PS-1200X100-2-1024x85.jpg 1024w, https:\/\/siecom.fr\/wp-content\/uploads\/2016\/10\/MARQUES-SONO-PS-1200X100-2-250x21.jpg 250w, https:\/\/siecom.fr\/wp-content\/uploads\/2016\/10\/MARQUES-SONO-PS-1200X100-2-150x13.jpg 150w\" sizes=\"(max-width: 1200px) 100vw, 1200px\" \/>\r\n\r\n<font color=\"0260a6\"><strong>SIECOM<\/strong><\/font> con\u00e7oit, installe et maintient les \u00e9quipements de sonorisation et vid\u00e9osurveillance des lieux publics tels que les magasins, centres commerciaux et lieux divers; et dispose d'un partenariat reconnu dans la distribution professionnelle des marques <font color=\"0260a6\"><strong>BOUYER \/ MAJORCOM \/ TOA \/ BOSCH.<\/strong><\/font>\r\n\r\n<font color=\"0260a6\"><strong>SIECOM<\/strong><\/font> est le point d'appui agr\u00e9e de grands op\u00e9rateurs europ\u00e9ens tel que <font color=\"0260a6\"><strong>Mood M\u00e9dia<\/strong><\/font>, installe et assure la maintenance de plus de <font color=\"0260a6\"><strong>1000 points de vente<\/strong><\/font> sur Rh\u00f4ne-Alpes, dispose d'une s\u00e9lection de produits grand public reconnu et distribue les marques<font color=\"0260a6\"><strong>\u00a0RONDSON \/ SONY \/ YAMAHA\u00a0\/ JBL \/ PHILIPS...<\/strong><\/font>\r\n\r\n<img loading=\"lazy\" decoding=\"async\" class=\"alignnone size-full wp-image-209\" src=\"http:\/\/siecom.fr\/wp-content\/uploads\/2016\/10\/MARQUES-SONO-PS-1200X100-3.jpg\" alt=\"marques-sono-ps-1200x100-3\" width=\"1200\" height=\"100\" srcset=\"https:\/\/siecom.fr\/wp-content\/uploads\/2016\/10\/MARQUES-SONO-PS-1200X100-3.jpg 1200w, https:\/\/siecom.fr\/wp-content\/uploads\/2016\/10\/MARQUES-SONO-PS-1200X100-3-300x25.jpg 300w, https:\/\/siecom.fr\/wp-content\/uploads\/2016\/10\/MARQUES-SONO-PS-1200X100-3-768x64.jpg 768w, https:\/\/siecom.fr\/wp-content\/uploads\/2016\/10\/MARQUES-SONO-PS-1200X100-3-1024x85.jpg 1024w, https:\/\/siecom.fr\/wp-content\/uploads\/2016\/10\/MARQUES-SONO-PS-1200X100-3-250x21.jpg 250w, https:\/\/siecom.fr\/wp-content\/uploads\/2016\/10\/MARQUES-SONO-PS-1200X100-3-150x13.jpg 150w\" sizes=\"(max-width: 1200px) 100vw, 1200px\" \/>","protected":false},"excerpt":{"rendered":"<p>SIECOM con\u00e7oit, installe et maintient les \u00e9quipements de sonorisation et vid\u00e9osurveillance des lieux publics tels que les magasins, centres commerciaux et lieux divers; et dispose d&#8217;un partenariat reconnu dans la distribution professionnelle des marques BOUYER \/ MAJORCOM \/ TOA \/ BOSCH. SIECOM est le point d&#8217;appui agr\u00e9e de grands op\u00e9rateurs\u2026<\/p>\n<p> <a class=\"continue-reading-link\" href=\"https:\/\/siecom.fr\/index.php\/sonorisation-lyon\/\"><span>Continue reading<\/span><i class=\"icon-right-dir\"><\/i><\/a><\/p>\n","protected":false},"author":1,"featured_media":0,"parent":0,"menu_order":0,"comment_status":"closed","ping_status":"closed","template":"","meta":{"footnotes":""},"_links":{"self":[{"href":"https:\/\/siecom.fr\/index.php\/wp-json\/wp\/v2\/pages\/114"}],"collection":[{"href":"https:\/\/siecom.fr\/index.php\/wp-json\/wp\/v2\/pages"}],"about":[{"href":"https:\/\/siecom.fr\/index.php\/wp-json\/wp\/v2\/types\/page"}],"author":[{"embeddable":true,"href":"https:\/\/siecom.fr\/index.php\/wp-json\/wp\/v2\/users\/1"}],"replies":[{"embeddable":true,"href":"https:\/\/siecom.fr\/index.php\/wp-json\/wp\/v2\/comments?post=114"}],"version-history":[{"count":9,"href":"https:\/\/siecom.fr\/index.php\/wp-json\/wp\/v2\/pages\/114\/revisions"}],"predecessor-version":[{"id":521,"href":"https:\/\/siecom.fr\/index.php\/wp-json\/wp\/v2\/pages\/114\/revisions\/521"}],"wp:attachment":[{"href":"https:\/\/siecom.fr\/index.php\/wp-json\/wp\/v2\/media?parent=114"}],"curies":[{"name":"wp","href":"https:\/\/api.w.org\/{rel}","templated":true}]}}