{"id":111,"date":"2016-10-13T10:00:54","date_gmt":"2016-10-13T08:00:54","guid":{"rendered":"http:\/\/siecom.fr\/?page_id=111"},"modified":"2017-02-03T12:00:56","modified_gmt":"2017-02-03T11:00:56","slug":"reseau-television-lyon","status":"publish","type":"page","link":"https:\/\/siecom.fr\/index.php\/reseau-television-lyon\/","title":{"rendered":"RESEAU TELEVISION"},"content":{"rendered":"<img loading=\"lazy\" decoding=\"async\" class=\"alignnone size-full wp-image-493\" src=\"http:\/\/siecom.fr\/wp-content\/uploads\/2017\/01\/Tv-Bandeau.png\" alt=\"Tv-Bandeau\" width=\"1200\" height=\"70\" srcset=\"https:\/\/siecom.fr\/wp-content\/uploads\/2017\/01\/Tv-Bandeau.png 1200w, https:\/\/siecom.fr\/wp-content\/uploads\/2017\/01\/Tv-Bandeau-300x18.png 300w, https:\/\/siecom.fr\/wp-content\/uploads\/2017\/01\/Tv-Bandeau-768x45.png 768w, https:\/\/siecom.fr\/wp-content\/uploads\/2017\/01\/Tv-Bandeau-1024x60.png 1024w, https:\/\/siecom.fr\/wp-content\/uploads\/2017\/01\/Tv-Bandeau-250x15.png 250w, https:\/\/siecom.fr\/wp-content\/uploads\/2017\/01\/Tv-Bandeau-150x9.png 150w\" sizes=\"(max-width: 1200px) 100vw, 1200px\" \/>\r\n\r\n<font color=\"0260a6\"><strong>SIECOM<\/strong><\/font> dispose d'une comp\u00e9tence et d'un savoir-faire reconnu dans le monde de la t\u00e9l\u00e9vision LCD\/LED\/Plasma depuis la fourniture des produits\r\n(Distributeurs : PHILIPS \/ LG \/ SAMSUNG \/ PANASONIC \/ SONY \/ THOMSON \/ HAIER) jusqu'aux installations de r\u00e9seaux d'antennes collectives, en <font color=\"0260a6\"><strong>collage coaxial ou fibre optiques<\/strong><\/font> distribution chaines \u00e9trang\u00e8res et chaines radio ainsi que la mise \u00e0 disposition de TV ou location parc TV\u00a0dans les chambres d'h\u00f4tels ou de centres hospitaliers par exemple.\r\n\r\n<font color=\"0260a6\"><strong>SIECOM<\/strong><\/font> est distributeur agr\u00e9e collectivit\u00e9s <font color=\"0260a6\"><strong>CANALPRO<\/strong><\/font> pour le plus gros op\u00e9rateur europ\u00e9en :<font color=\"0260a6\"><strong> Canal+ \/ Canal Satellite.<\/strong><\/font>\r\n\r\n<font color=\"0260a6\"><strong>SIECOM<\/strong><\/font> g\u00e8re la maintenance exclusive de plus de <font color=\"0260a6\"><strong>600 \u00e9tablissements collectifs<\/strong><\/font> sur Rh\u00f4ne-Alpes en antenne et diffusion des programmes num\u00e9rique TV mais aussi sur vos accessoires t\u00e9l\u00e9commandes, supports, casques audio, cordons, connectiques,...\r\n\r\n<font color=\"0260a6\"><strong>SIECOM,\u00a0<\/strong><\/font> Antenniste audio-visuel pour les Collectivit\u00e9s, H\u00f4tels, H\u00f4pitaux, Prisons, installe et g\u00e8re la maintenance de votre <font color=\"0260a6\"><strong>r\u00e9seau t\u00e9l\u00e9vision<\/strong><\/font> professionnel \/<font color=\"0260a6\"><strong> hospitality<\/strong><\/font>\u00a0analogique, num\u00e9rique TNT, satellite et hertzienne.\r\n\r\nN'h\u00e9sitez pas \u00e0 nous consulter : <font color=\"0260a6\"><strong>DEVIS GRATUIT<\/strong><\/font>\r\n\r\n<img loading=\"lazy\" decoding=\"async\" class=\"alignnone size-full wp-image-194\" src=\"http:\/\/siecom.fr\/wp-content\/uploads\/2016\/10\/MARQUES-FEURS-PS-1200-2.jpg\" alt=\"marques-feurs-ps-1200-2\" width=\"1200\" height=\"70\" srcset=\"https:\/\/siecom.fr\/wp-content\/uploads\/2016\/10\/MARQUES-FEURS-PS-1200-2.jpg 1200w, https:\/\/siecom.fr\/wp-content\/uploads\/2016\/10\/MARQUES-FEURS-PS-1200-2-300x18.jpg 300w, https:\/\/siecom.fr\/wp-content\/uploads\/2016\/10\/MARQUES-FEURS-PS-1200-2-768x45.jpg 768w, https:\/\/siecom.fr\/wp-content\/uploads\/2016\/10\/MARQUES-FEURS-PS-1200-2-1024x60.jpg 1024w, https:\/\/siecom.fr\/wp-content\/uploads\/2016\/10\/MARQUES-FEURS-PS-1200-2-250x15.jpg 250w, https:\/\/siecom.fr\/wp-content\/uploads\/2016\/10\/MARQUES-FEURS-PS-1200-2-150x9.jpg 150w\" sizes=\"(max-width: 1200px) 100vw, 1200px\" \/>\r\n\r\n&nbsp;","protected":false},"excerpt":{"rendered":"<p>SIECOM dispose d&#8217;une comp\u00e9tence et d&#8217;un savoir-faire reconnu dans le monde de la t\u00e9l\u00e9vision LCD\/LED\/Plasma depuis la fourniture des produits (Distributeurs : PHILIPS \/ LG \/ SAMSUNG \/ PANASONIC \/ SONY \/ THOMSON \/ HAIER) jusqu&#8217;aux installations de r\u00e9seaux d&#8217;antennes collectives, en collage coaxial ou fibre optiques distribution chaines \u00e9trang\u00e8res\u2026<\/p>\n<p> <a class=\"continue-reading-link\" href=\"https:\/\/siecom.fr\/index.php\/reseau-television-lyon\/\"><span>Continue reading<\/span><i class=\"icon-right-dir\"><\/i><\/a><\/p>\n","protected":false},"author":1,"featured_media":0,"parent":0,"menu_order":0,"comment_status":"closed","ping_status":"closed","template":"","meta":{"footnotes":""},"_links":{"self":[{"href":"https:\/\/siecom.fr\/index.php\/wp-json\/wp\/v2\/pages\/111"}],"collection":[{"href":"https:\/\/siecom.fr\/index.php\/wp-json\/wp\/v2\/pages"}],"about":[{"href":"https:\/\/siecom.fr\/index.php\/wp-json\/wp\/v2\/types\/page"}],"author":[{"embeddable":true,"href":"https:\/\/siecom.fr\/index.php\/wp-json\/wp\/v2\/users\/1"}],"replies":[{"embeddable":true,"href":"https:\/\/siecom.fr\/index.php\/wp-json\/wp\/v2\/comments?post=111"}],"version-history":[{"count":35,"href":"https:\/\/siecom.fr\/index.php\/wp-json\/wp\/v2\/pages\/111\/revisions"}],"predecessor-version":[{"id":529,"href":"https:\/\/siecom.fr\/index.php\/wp-json\/wp\/v2\/pages\/111\/revisions\/529"}],"wp:attachment":[{"href":"https:\/\/siecom.fr\/index.php\/wp-json\/wp\/v2\/media?parent=111"}],"curies":[{"name":"wp","href":"https:\/\/api.w.org\/{rel}","templated":true}]}}